{"id":166,"date":"2023-07-17T21:36:22","date_gmt":"2023-07-17T21:36:22","guid":{"rendered":"https:\/\/yarisma.ilhantekelivakfi.org.tr\/?page_id=166"},"modified":"2023-07-17T21:37:54","modified_gmt":"2023-07-17T21:37:54","slug":"yarisma-sartnamesi-ve-ekleri","status":"publish","type":"page","link":"https:\/\/yarisma.ilhantekelivakfi.org.tr\/?page_id=166","title":{"rendered":"\u015eartname ve Eki"},"content":{"rendered":"\n<p>Yar\u0131\u015fma \u015eartnamesi<\/p>\n\n\n\n<div data-wp-interactive=\"core\/file\" class=\"wp-block-file\"><object data-wp-bind--hidden=\"!state.hasPdfPreview\" hidden class=\"wp-block-file__embed\" data=\"https:\/\/yarisma.ilhantekelivakfi.org.tr\/wp-content\/uploads\/2023\/07\/SARTNAME.pdf\" type=\"application\/pdf\" style=\"width:100%;height:600px\" aria-label=\"SARTNAME g\u00f6m\u00fcs\u00fc.\"><\/object><a id=\"wp-block-file--media-aafb926e-6c47-499f-a86f-826d8315d927\" href=\"https:\/\/yarisma.ilhantekelivakfi.org.tr\/wp-content\/uploads\/2023\/07\/SARTNAME.pdf\">SARTNAME<\/a><a href=\"https:\/\/yarisma.ilhantekelivakfi.org.tr\/wp-content\/uploads\/2023\/07\/SARTNAME.pdf\" class=\"wp-block-file__button wp-element-button\" download aria-describedby=\"wp-block-file--media-aafb926e-6c47-499f-a86f-826d8315d927\">\u0130ndir<\/a><\/div>\n\n\n\n<div class=\"wp-block-file\"><a id=\"wp-block-file--media-d29399a2-71c8-4712-aa47-48ad6f938548\" href=\"https:\/\/yarisma.ilhantekelivakfi.org.tr\/wp-content\/uploads\/2023\/07\/Ilhan-Tekeli-Sehircilik-Kulturu-Vakfi-kimlik-ve-taahhutname.docx\">\u0130lhan Tekeli \u015eehircilik K\u00fclt\u00fcr\u00fc Vakf\u0131 kimlik ve taahh\u00fctname<\/a><a href=\"https:\/\/yarisma.ilhantekelivakfi.org.tr\/wp-content\/uploads\/2023\/07\/Ilhan-Tekeli-Sehircilik-Kulturu-Vakfi-kimlik-ve-taahhutname.docx\" class=\"wp-block-file__button wp-element-button\" download aria-describedby=\"wp-block-file--media-d29399a2-71c8-4712-aa47-48ad6f938548\">\u0130ndir<\/a><\/div>\n","protected":false},"excerpt":{"rendered":"<p>Yar\u0131\u015fma \u015eartnamesi<\/p>\n","protected":false},"author":1,"featured_media":0,"parent":0,"menu_order":0,"comment_status":"closed","ping_status":"closed","template":"","meta":{"footnotes":""},"class_list":["post-166","page","type-page","status-publish","hentry"],"_links":{"self":[{"href":"https:\/\/yarisma.ilhantekelivakfi.org.tr\/index.php?rest_route=\/wp\/v2\/pages\/166","targetHints":{"allow":["GET"]}}],"collection":[{"href":"https:\/\/yarisma.ilhantekelivakfi.org.tr\/index.php?rest_route=\/wp\/v2\/pages"}],"about":[{"href":"https:\/\/yarisma.ilhantekelivakfi.org.tr\/index.php?rest_route=\/wp\/v2\/types\/page"}],"author":[{"embeddable":true,"href":"https:\/\/yarisma.ilhantekelivakfi.org.tr\/index.php?rest_route=\/wp\/v2\/users\/1"}],"replies":[{"embeddable":true,"href":"https:\/\/yarisma.ilhantekelivakfi.org.tr\/index.php?rest_route=%2Fwp%2Fv2%2Fcomments&post=166"}],"version-history":[{"count":2,"href":"https:\/\/yarisma.ilhantekelivakfi.org.tr\/index.php?rest_route=\/wp\/v2\/pages\/166\/revisions"}],"predecessor-version":[{"id":171,"href":"https:\/\/yarisma.ilhantekelivakfi.org.tr\/index.php?rest_route=\/wp\/v2\/pages\/166\/revisions\/171"}],"wp:attachment":[{"href":"https:\/\/yarisma.ilhantekelivakfi.org.tr\/index.php?rest_route=%2Fwp%2Fv2%2Fmedia&parent=166"}],"curies":[{"name":"wp","href":"https:\/\/api.w.org\/{rel}","templated":true}]}}