{"id":53,"date":"2023-07-14T19:39:49","date_gmt":"2023-07-14T19:39:49","guid":{"rendered":"https:\/\/yarisma.ilhantekelivakfi.org.tr\/?page_id=53"},"modified":"2023-07-17T23:23:47","modified_gmt":"2023-07-17T23:23:47","slug":"juri-ve-raportor","status":"publish","type":"page","link":"https:\/\/yarisma.ilhantekelivakfi.org.tr\/?page_id=53","title":{"rendered":"J\u00fcri ve Raport\u00f6r"},"content":{"rendered":"\n<p><strong>J\u00fcri \u00dcyeleri&nbsp;<\/strong><\/p>\n\n\n\n<p>Dr. Aktan Acar (TOBB-ET\u00dc)<\/p>\n\n\n\n<p>Dr. Cansu Canaran (TED\u00dc)<\/p>\n\n\n\n<p>Do\u00e7.Dr. Olgu \u00c7al\u0131\u015fkan (ODT\u00dc)<\/p>\n\n\n\n<p>Mehmet Naz\u0131m \u00d6zer (Gazi \u00dcniversitesi)<\/p>\n\n\n\n<p>Dr. Emrah S\u00f6ylemez (\u0130T\u015eKV)<\/p>\n\n\n\n<p>Prof.Dr. Sava\u015f Zafer \u015eahin (J\u00fcri Ba\u015fkan\u0131, Hac\u0131 Bayram Veli \u00dcniversitesi)<\/p>\n\n\n\n<p>Prof.Dr. Mehmet Tun\u00e7er (\u00c7ankaya \u00dcniversitesi)<\/p>\n\n\n\n<p><strong>Raport\u00f6r<\/strong><\/p>\n\n\n\n<p>Emine \u015eeyda Sat\u0131lm\u0131\u015f (\u015eehir Planc\u0131s\u0131)<\/p>\n","protected":false},"excerpt":{"rendered":"<p>J\u00fcri \u00dcyeleri&nbsp; Dr. Aktan Acar (TOBB-ET\u00dc) Dr. Cansu Canaran (TED\u00dc) Do\u00e7.Dr. Olgu \u00c7al\u0131\u015fkan (ODT\u00dc) Mehmet Naz\u0131m \u00d6zer (Gazi \u00dcniversitesi) Dr. Emrah S\u00f6ylemez (\u0130T\u015eKV) Prof.Dr. Sava\u015f Zafer \u015eahin (J\u00fcri Ba\u015fkan\u0131, Hac\u0131 Bayram Veli \u00dcniversitesi) Prof.Dr. Mehmet Tun\u00e7er (\u00c7ankaya \u00dcniversitesi) Raport\u00f6r Emine \u015eeyda Sat\u0131lm\u0131\u015f (\u015eehir Planc\u0131s\u0131)<\/p>\n","protected":false},"author":1,"featured_media":200,"parent":0,"menu_order":0,"comment_status":"closed","ping_status":"closed","template":"","meta":{"footnotes":""},"class_list":["post-53","page","type-page","status-publish","has-post-thumbnail","hentry"],"_links":{"self":[{"href":"https:\/\/yarisma.ilhantekelivakfi.org.tr\/index.php?rest_route=\/wp\/v2\/pages\/53","targetHints":{"allow":["GET"]}}],"collection":[{"href":"https:\/\/yarisma.ilhantekelivakfi.org.tr\/index.php?rest_route=\/wp\/v2\/pages"}],"about":[{"href":"https:\/\/yarisma.ilhantekelivakfi.org.tr\/index.php?rest_route=\/wp\/v2\/types\/page"}],"author":[{"embeddable":true,"href":"https:\/\/yarisma.ilhantekelivakfi.org.tr\/index.php?rest_route=\/wp\/v2\/users\/1"}],"replies":[{"embeddable":true,"href":"https:\/\/yarisma.ilhantekelivakfi.org.tr\/index.php?rest_route=%2Fwp%2Fv2%2Fcomments&post=53"}],"version-history":[{"count":2,"href":"https:\/\/yarisma.ilhantekelivakfi.org.tr\/index.php?rest_route=\/wp\/v2\/pages\/53\/revisions"}],"predecessor-version":[{"id":160,"href":"https:\/\/yarisma.ilhantekelivakfi.org.tr\/index.php?rest_route=\/wp\/v2\/pages\/53\/revisions\/160"}],"wp:featuredmedia":[{"embeddable":true,"href":"https:\/\/yarisma.ilhantekelivakfi.org.tr\/index.php?rest_route=\/wp\/v2\/media\/200"}],"wp:attachment":[{"href":"https:\/\/yarisma.ilhantekelivakfi.org.tr\/index.php?rest_route=%2Fwp%2Fv2%2Fmedia&parent=53"}],"curies":[{"name":"wp","href":"https:\/\/api.w.org\/{rel}","templated":true}]}}